{"id":5400,"date":"2016-10-04T21:08:13","date_gmt":"2016-10-05T01:08:13","guid":{"rendered":"https:\/\/rch.ca\/en\/?page_id=5400"},"modified":"2023-01-04T20:33:50","modified_gmt":"2023-01-05T01:33:50","slug":"ww2-stories","status":"publish","type":"page","link":"https:\/\/rch.ca\/en\/rch-history\/ww2-stories\/","title":{"rendered":"World War 2 &#8211; Stories"},"content":{"rendered":"<p style=\"text-align: center;\"><span style=\"font-size: 24pt;\"><strong>Experiences\u00a0of RCH members<\/strong><\/span><\/p>\n<p style=\"text-align: center;\"><span style=\"font-size: 24pt;\"><strong>During World War 2<\/strong><\/span><\/p>\n<p>&nbsp;<\/p>\n<p style=\"text-align: center;\"><span style=\"text-decoration: underline;\"><span style=\"font-size: 24pt;\"><strong>Table of contents<\/strong><\/span><\/span><\/p>\n<p style=\"text-align: center;\">\u00a0<\/p>\n<ul>\n<li style=\"text-align: justify; margin-top: 10px;\"><span style=\"font-size: 18pt;\"><strong><a href=\"https:\/\/rch.ca\/wp-content\/uploads\/01_Avant_Propos.pdf\" target=\"_blank\" rel=\"noopener\">Foreword<\/a><\/strong><\/span><\/li>\n<li style=\"text-align: justify; margin-top: 10px;\"><span style=\"font-size: 18pt;\"><strong><a href=\"https:\/\/rch.ca\/wp-content\/uploads\/02_BaileysBridge.pdf\" target=\"_blank\" rel=\"noopener\">A WWII story at Bailey\u2019s Bridge<\/a><\/strong><\/span><\/li>\n<li style=\"text-align: justify; margin-top: 10px;\"><span style=\"font-size: 18pt;\"><strong><a href=\"https:\/\/rch.ca\/wp-content\/uploads\/03_DrTabah.pdf\" target=\"_blank\" rel=\"noopener\">Dr.Tabah, Medical Officer With A Mission<\/a><\/strong><\/span><\/li>\n<li style=\"text-align: justify; margin-top: 10px;\"><span style=\"font-size: 18pt;\"><strong><a href=\"https:\/\/rch.ca\/wp-content\/uploads\/04_OscarCostin.pdf\" target=\"_blank\" rel=\"noopener\">Oscar Costin, D-Day<\/a><\/strong><\/span><\/li>\n<li style=\"text-align: justify; margin-top: 10px;\"><span style=\"font-size: 18pt;\"><strong><a href=\"https:\/\/rch.ca\/wp-content\/uploads\/05_JFMcGowan.pdf\" target=\"_blank\" rel=\"noopener\">J.F. McGowan, France, Normandy, June 1944<\/a><\/strong><\/span><\/li>\n<li style=\"text-align: justify; margin-top: 10px;\"><span style=\"font-size: 18pt;\"><strong><a href=\"https:\/\/rch.ca\/wp-content\/uploads\/06_PaulGoyer.pdf\" target=\"_blank\" rel=\"noopener\">Paul Goyer, D+18<\/a><\/strong><\/span><\/li>\n<li style=\"text-align: justify; margin-top: 10px;\"><span style=\"font-size: 18pt;\"><strong><a href=\"https:\/\/rch.ca\/wp-content\/uploads\/07_LesChristie.pdf\" target=\"_blank\" rel=\"noopener\">Les Christie, D-DAY<\/a><\/strong><\/span><\/li>\n<li style=\"text-align: justify; margin-top: 10px;\"><span style=\"font-size: 18pt;\"><strong><a href=\"https:\/\/rch.ca\/wp-content\/uploads\/08_LeoCote.pdf\" target=\"_blank\" rel=\"noopener\">L\u00e9o C\u00f4t\u00e9, D+11<\/a><\/strong><\/span><\/li>\n<li style=\"text-align: justify; margin-top: 10px;\"><span style=\"font-size: 18pt;\"><strong><a href=\"https:\/\/rch.ca\/wp-content\/uploads\/09_HymanZweig.pdf\" target=\"_blank\" rel=\"noopener\">Hyman Zweig, D+11<\/a><\/strong><\/span><\/li>\n<li style=\"text-align: justify; margin-top: 10px;\"><span style=\"font-size: 18pt;\"><strong><a href=\"https:\/\/rch.ca\/wp-content\/uploads\/10_AlNicholas.pdf\" target=\"_blank\" rel=\"noopener\">Al Nicholas, D+4<\/a><\/strong><\/span><\/li>\n<li style=\"text-align: justify; margin-top: 10px;\"><span style=\"font-size: 18pt;\"><strong><a href=\"https:\/\/rch.ca\/wp-content\/uploads\/11_GeorgeHutchison.pdf\" target=\"_blank\" rel=\"noopener\">George Hutchison, D+4<\/a>s<\/strong><\/span><\/li>\n<li style=\"text-align: justify; margin-top: 10px;\"><span style=\"font-size: 18pt;\"><strong><a href=\"https:\/\/rch.ca\/wp-content\/uploads\/12_BattleOfFalaise.pdf\" target=\"_blank\" rel=\"noopener\">The battle of Falaise, Normandy, France, August 14th 1944<\/a><\/strong><\/span><\/li>\n<li style=\"text-align: justify; margin-top: 10px;\"><span style=\"font-size: 18pt;\"><strong><a href=\"https:\/\/rch.ca\/wp-content\/uploads\/13_ContactPatrol.pdf\" target=\"_blank\" rel=\"noopener\">A contact patrol, Normandy, France, August 1944<\/a><\/strong><\/span><\/li>\n<li style=\"text-align: justify; margin-top: 10px;\"><span style=\"font-size: 18pt;\"><strong><a href=\"https:\/\/rch.ca\/wp-content\/uploads\/14_LastReccePatrol.pdf\" target=\"_blank\" rel=\"noopener\">Last recce patrol, Holland 1945<\/a><\/strong><\/span><\/li>\n<li style=\"text-align: justify; margin-top: 10px;\"><span style=\"font-size: 18pt;\"><strong><a href=\"https:\/\/rch.ca\/wp-content\/uploads\/15_AlanCanavan.pdf\" target=\"_blank\" rel=\"noopener\">Alan Canavan, D+39<\/a><\/strong><\/span><\/li>\n<li style=\"text-align: justify; margin-top: 10px;\"><span style=\"font-size: 18pt;\"><strong><a href=\"https:\/\/rch.ca\/wp-content\/uploads\/16_Belgique1944.pdf\" target=\"_blank\" rel=\"noopener\">Belgium 1944, 10th Troup, C Squadron<\/a><\/strong><\/span><\/li>\n<li style=\"text-align: justify; margin-top: 10px;\"><span style=\"font-size: 18pt;\"><strong><a href=\"https:\/\/rch.ca\/wp-content\/uploads\/17_BertCarlson.pdf\" target=\"_blank\" rel=\"noopener\">Bert Carlson, D+4<\/a><\/strong><\/span><\/li>\n<li style=\"text-align: justify; margin-top: 10px;\"><span style=\"font-size: 18pt;\"><strong><a href=\"https:\/\/rch.ca\/wp-content\/uploads\/18_SgtRayJohnson.pdf\" target=\"_blank\" rel=\"noopener\">Sgt Ray Johnson<\/a><\/strong><\/span><\/li>\n<li style=\"text-align: justify; margin-top: 10px;\"><span style=\"font-size: 18pt;\"><strong><a href=\"https:\/\/rch.ca\/wp-content\/uploads\/19_HenryBennett_WarDay.pdf\" target=\"_blank\" rel=\"noopener\">A War Day, By Henry \u201cHank\u201d Bennett<\/a><\/strong><\/span><\/li>\n<\/ul>\n<p><span style=\"font-size: 14pt;\">(*) <a href=\"https:\/\/rch.ca\/wp-content\/uploads\/00_WWII_Stories.pdf\" target=\"_blank\" rel=\"noopener\">Complete document<\/a><\/span><\/p>\n<p style=\"text-align: right; font-size: 12pt;\"><strong>Copyrights, The Royal Canadian Hussars (Montreal) Association<\/strong><\/p>\n","protected":false},"excerpt":{"rendered":"<p>Experiences\u00a0of RCH members During World War 2 &nbsp; Table of contents \u00a0 Foreword A WWII story at Bailey\u2019s Bridge Dr.Tabah, Medical Officer With A Mission Oscar Costin, D-Day J.F. McGowan, France, Normandy, June 1944 Paul Goyer, D+18 Les Christie, D-DAY L\u00e9o C\u00f4t\u00e9, D+11 Hyman Zweig, D+11 Al Nicholas, D+4 George Hutchison, D+4s The battle of [&hellip;]<\/p>\n","protected":false},"author":1001003,"featured_media":0,"parent":356,"menu_order":0,"comment_status":"closed","ping_status":"closed","template":"","meta":{"_acf_changed":false,"footnotes":""},"class_list":["post-5400","page","type-page","status-publish","hentry"],"acf":[],"_links":{"self":[{"href":"https:\/\/rch.ca\/en\/wp-json\/wp\/v2\/pages\/5400","targetHints":{"allow":["GET"]}}],"collection":[{"href":"https:\/\/rch.ca\/en\/wp-json\/wp\/v2\/pages"}],"about":[{"href":"https:\/\/rch.ca\/en\/wp-json\/wp\/v2\/types\/page"}],"author":[{"embeddable":true,"href":"https:\/\/rch.ca\/en\/wp-json\/wp\/v2\/users\/1001003"}],"replies":[{"embeddable":true,"href":"https:\/\/rch.ca\/en\/wp-json\/wp\/v2\/comments?post=5400"}],"version-history":[{"count":2,"href":"https:\/\/rch.ca\/en\/wp-json\/wp\/v2\/pages\/5400\/revisions"}],"predecessor-version":[{"id":13422,"href":"https:\/\/rch.ca\/en\/wp-json\/wp\/v2\/pages\/5400\/revisions\/13422"}],"up":[{"embeddable":true,"href":"https:\/\/rch.ca\/en\/wp-json\/wp\/v2\/pages\/356"}],"wp:attachment":[{"href":"https:\/\/rch.ca\/en\/wp-json\/wp\/v2\/media?parent=5400"}],"curies":[{"name":"wp","href":"https:\/\/api.w.org\/{rel}","templated":true}]}}