{"id":5491,"date":"2016-10-10T13:12:56","date_gmt":"2016-10-10T17:12:56","guid":{"rendered":"https:\/\/rch.ca\/en\/?page_id=5491"},"modified":"2017-02-12T21:51:06","modified_gmt":"2017-02-13T02:51:06","slug":"afghanistan","status":"publish","type":"page","link":"https:\/\/rch.ca\/en\/rch-history\/afghanistan\/","title":{"rendered":"Afghanistan"},"content":{"rendered":"<p style=\"text-align: center;\"><span style=\"font-size: 24pt;\"><strong>History documentation project &#8211; Individual and group experiences<\/strong><\/span><\/p>\n<p style=\"text-align: center;\"><span style=\"font-size: 24pt;\"><strong>of RCH members<\/strong><\/span><\/p>\n<p style=\"text-align: center;\"><span style=\"font-size: 24pt;\"><strong>The Afghanistan deployment from 2006 to 2011<\/strong><\/span><\/p>\n<p>&nbsp;<\/p>\n<p style=\"text-align: center;\"><span style=\"text-decoration: underline;\"><span style=\"font-size: 24pt;\"><strong>Table of contents<\/strong><\/span><\/span><\/p>\n<p style=\"text-align: center;\">\u00a0<\/p>\n<ul>\n<li style=\"text-align: justify; margin-top: 10px;\"><span style=\"font-size: 18pt;\"><strong><a href=\"https:\/\/rch.ca\/wp-content\/uploads\/A00_Afghanistan_Avant_propos_F_20170123.pdf\" target=\"_blank\">Foreword<\/a><\/strong><\/span><\/li>\n<li style=\"text-align: justify; margin-top: 10px;\"><span style=\"font-size: 18pt;\"><strong><a href=\"https:\/\/rch.ca\/wp-content\/uploads\/A01_Afghanistan_Introdution_F_20170123.pdf\" target=\"_blank\">Bref Aper\u00e7u de l&#8217;implication des Forces Arm\u00e9es Canadiennes en Afghanistan<\/a><\/strong><\/span><\/li>\n<li style=\"text-align: justify; margin-top: 10px;\"><span style=\"font-size: 18pt;\"><strong><a href=\"https:\/\/rch.ca\/wp-content\/uploads\/A02_Robin_Thibault_s_story_20150921p.pdf\" target=\"_blank\">Robin Thibault&#8217;s &#8211; 2006 &#8211; Supporting Psychological operations in Kandahar<\/a><\/strong><\/span><\/li>\n<li style=\"text-align: justify; margin-top: 10px;\"><span style=\"font-size: 18pt;\"><strong><a href=\"https:\/\/rch.ca\/wp-content\/uploads\/A03_Chuck_ODonnell_s_story_20161009p.pdf\" target=\"_blank\">Chuck O&#8217;Donnell&#8217;s &#8211; 2007\/2008 &#8211; Convoy Escorts and Camp security at KAF<\/a><\/strong><\/span><\/li>\n<li style=\"text-align: justify; margin-top: 10px;\"><span style=\"font-size: 18pt;\"><strong><a href=\"https:\/\/rch.ca\/wp-content\/uploads\/A04_Histoire_de_Pierre_Jean_Pilon_20160920.pdf\" target=\"_blank\">Pierre-Jean Pilon &#8211; 2007\/2008 &#8211; Escortes de convois et s\u00e9curit\u00e9 \u00e0 KAF<\/a><\/strong><\/span><\/li>\n<li style=\"text-align: justify; margin-top: 10px;\"><span style=\"font-size: 18pt;\"><strong><a href=\"https:\/\/rch.ca\/wp-content\/uploads\/A05_Andre_Paulusz_Story_20150920p.pdf\" target=\"_blank\">Andr\u00e9 Paulusz&#8217;s &#8211; 2009 &#8211; Civil-Military Co-operation at Kandahar Provincial Reconstruction Team<\/a><\/strong><\/span><\/li>\n<li style=\"text-align: justify; margin-top: 10px;\"><span style=\"font-size: 18pt;\"><strong><a href=\"https:\/\/rch.ca\/wp-content\/uploads\/A06_Eric_Roberts_Story_20160920p.pdf\" target=\"_blank\">Eric Roberts&#8217; &#8211; 2009 &#8211; Information Operations at Canadian Joint Task Force Afghanistan Headquarters<\/a><\/strong><\/span><\/li>\n<li style=\"text-align: justify; margin-top: 10px;\"><span style=\"font-size: 18pt;\"><strong><a href=\"https:\/\/rch.ca\/wp-content\/uploads\/A08_Histoire_de_Johnathan_Richard_20170123p.pdf\" target=\"_blank\">Johnathan Richard &#8211; 2009 &#8211; \u00c9quipe de liaison et mentorat op\u00e9rationel<\/a><\/strong><\/span><\/li>\n<li style=\"text-align: justify; margin-top: 10px;\"><span style=\"font-size: 18pt;\"><strong><a href=\"https:\/\/rch.ca\/wp-content\/uploads\/A13_Histoire_de_Sebastian_Lacasse_20170123.pdf\" target=\"_blank\">S\u00e9bastian Lacasse &#8211; 2009 &#8211; \u00c9quipe de liaison et mentorat op\u00e9rationel (\u00c9LMO) \u2013 Province de Kandahar<\/a><\/strong><\/span><\/li>\n<li style=\"text-align: justify; margin-top: 10px;\"><span style=\"font-size: 18pt;\"><strong><a href=\"https:\/\/rch.ca\/wp-content\/uploads\/A09_Histoire_de_Louis_Philippe_Yanakis_20160412p.pdf\" target=\"_blank\">Louis-Philippe Yanakis &#8211; 2010\/2011 &#8211; S\u00e9curit\u00e9 et surveillance sur la route Hyena<\/a><\/strong><\/span><\/li>\n<li style=\"text-align: justify; margin-top: 10px;\"><span style=\"font-size: 18pt;\"><strong><a href=\"https:\/\/rch.ca\/wp-content\/uploads\/A10_Ali_Raju_s_story_20160921p.pdf\" target=\"_blank\">Ali Raju&#8217;s &#8211; 2010\/2011 &#8211; Civil-Military Co-operation on Hyena Road project<\/a><\/strong><\/span><\/li>\n<li style=\"text-align: justify; margin-top: 10px;\"><span style=\"font-size: 18pt;\"><strong><a href=\"https:\/\/rch.ca\/wp-content\/uploads\/A11_Histoire_de_Benoit_Mainville_20150530p.pdf\" target=\"_blank\">Beno\u00eet Mainville &#8211; 2010\/2011 &#8211; Officier commandant de l&#8217;unit\u00e9 PSYOPS \u00e0 Kandahar<\/a><\/strong><\/span><\/li>\n<li style=\"text-align: justify; margin-top: 10px;\"><span style=\"font-size: 18pt;\"><strong><a href=\"https:\/\/rch.ca\/wp-content\/uploads\/A12_Mike_Bisson_s_story_20150920.pdf\" target=\"_blank\">Mike Bisson&#8217;s &#8211; 2011 &#8211; Visit to Afghanistan while working as a civilian<\/a><\/strong><\/span><\/li>\n<li style=\"text-align: justify; margin-top: 10px;\"><span style=\"font-size: 18pt;\"><strong><a href=\"https:\/\/rch.ca\/wp-content\/uploads\/A13_Homage_aux_camarades_tombees_20150920p.pdf\" target=\"_blank\">Tribute to Fallen Comrades<\/a><\/strong><\/span><\/li>\n<\/ul>\n<p><span style=\"font-size: 14pt;\">(*) <a href=\"https:\/\/rch.ca\/wp-content\/uploads\/RCH_Members_in_Afghanistan_F_20170123.pdf\" target=\"_blank\">Complete Document<\/a><\/span><\/p>\n","protected":false},"excerpt":{"rendered":"<p>History documentation project &#8211; Individual and group experiences of RCH members The Afghanistan deployment from 2006 to 2011 &nbsp; Table of contents \u00a0 Foreword Bref Aper\u00e7u de l&#8217;implication des Forces Arm\u00e9es Canadiennes en Afghanistan Robin Thibault&#8217;s &#8211; 2006 &#8211; Supporting Psychological operations in Kandahar Chuck O&#8217;Donnell&#8217;s &#8211; 2007\/2008 &#8211; Convoy Escorts and Camp security at [&hellip;]<\/p>\n","protected":false},"author":1001003,"featured_media":0,"parent":356,"menu_order":0,"comment_status":"closed","ping_status":"closed","template":"","meta":{"_acf_changed":false,"footnotes":""},"class_list":["post-5491","page","type-page","status-publish","hentry"],"acf":[],"_links":{"self":[{"href":"https:\/\/rch.ca\/en\/wp-json\/wp\/v2\/pages\/5491","targetHints":{"allow":["GET"]}}],"collection":[{"href":"https:\/\/rch.ca\/en\/wp-json\/wp\/v2\/pages"}],"about":[{"href":"https:\/\/rch.ca\/en\/wp-json\/wp\/v2\/types\/page"}],"author":[{"embeddable":true,"href":"https:\/\/rch.ca\/en\/wp-json\/wp\/v2\/users\/1001003"}],"replies":[{"embeddable":true,"href":"https:\/\/rch.ca\/en\/wp-json\/wp\/v2\/comments?post=5491"}],"version-history":[{"count":5,"href":"https:\/\/rch.ca\/en\/wp-json\/wp\/v2\/pages\/5491\/revisions"}],"predecessor-version":[{"id":5769,"href":"https:\/\/rch.ca\/en\/wp-json\/wp\/v2\/pages\/5491\/revisions\/5769"}],"up":[{"embeddable":true,"href":"https:\/\/rch.ca\/en\/wp-json\/wp\/v2\/pages\/356"}],"wp:attachment":[{"href":"https:\/\/rch.ca\/en\/wp-json\/wp\/v2\/media?parent=5491"}],"curies":[{"name":"wp","href":"https:\/\/api.w.org\/{rel}","templated":true}]}}