{"id":6004,"date":"2018-01-07T11:02:05","date_gmt":"2018-01-07T16:02:05","guid":{"rendered":"https:\/\/rch.ca\/?page_id=6004"},"modified":"2021-05-31T22:42:53","modified_gmt":"2021-06-01T02:42:53","slug":"nato-un-1976-to-1996","status":"publish","type":"page","link":"https:\/\/rch.ca\/en\/rch-history\/nato-un-1976-to-1996\/","title":{"rendered":"NATO &#8211; UN, 1976 to 1996"},"content":{"rendered":"<p style=\"text-align: center;\"><span style=\"font-size: 24pt;\"><strong>History documentation project &#8211; Individual and group experiences<\/strong><\/span><\/p>\n<p style=\"text-align: center;\"><span style=\"font-size: 24pt;\"><strong>of RCH members<\/strong><\/span><\/p>\n<p style=\"text-align: center;\"><span style=\"font-size: 24pt;\"><strong>Overseas deployments during the period from 1976 to 1996<\/strong><\/span><\/p>\n<p style=\"text-align: center;\">\u00a0<\/p>\n<p style=\"text-align: center;\"><span style=\"text-decoration: underline;\"><span style=\"font-size: 24pt;\"><strong>Table of contents<\/strong><\/span><\/span><\/p>\n<p>&nbsp;<\/p>\n<ul>\n<li><strong><a href=\"https:\/\/rch.ca\/wp-content\/uploads\/C00E_Forewords_20210530.pdf\" target=\"_blank\" rel=\"noopener\">Foreword<\/a><\/strong><\/li>\n<\/ul>\n<ul>\n<li><strong><a href=\"https:\/\/rch.ca\/wp-content\/uploads\/C01E_Introduction_20170924.pdf\" target=\"_blank\" rel=\"noopener\">Overview of Canada\u2019s involvement in different NATO and UN Missions (excluding Cyprus and Bosnia)<\/a><\/strong><\/li>\n<\/ul>\n<ul>\n<li><strong><a href=\"https:\/\/rch.ca\/wp-content\/uploads\/C02E_Richard_Quintal_s_Story_20171008p.pdf\" target=\"_blank\" rel=\"noopener\">Richard Quintal\u2019s Story \u2013 1976 \u2013 Reconnaissance Troop, West Germany<\/a><\/strong><\/li>\n<li><strong><a href=\"https:\/\/rch.ca\/wp-content\/uploads\/C03E_Alan_Stewart_s_Story_20170609p.pdf\" target=\"_blank\" rel=\"noopener\">Alan Stewart\u2019s Story \u2013 1977-1978 \u2013 United Nations Emergency Force II \u2013 Ismailia, Egypt<\/a><\/strong><\/li>\n<li><strong><a href=\"https:\/\/rch.ca\/wp-content\/uploads\/C04E_Donald_Pelletier_s_Story_20170303p.pdf\" target=\"_blank\" rel=\"noopener\">Donald Pelletier\u2019s Story \u2013 1980 \u2013 United Nations Disengagement Observer Force \u2013 Golan<\/a><\/strong><\/li>\n<li><strong><a href=\"https:\/\/rch.ca\/wp-content\/uploads\/C04F_Histoire_De_Guy_Belair_20210425.pdf\" target=\"_blank\" rel=\"noopener\">L\u2019histoire de Guy B\u00e9lair &#8211; 1980-1981 \u2013 5 RALC \u2013 Force des Nations-Unies \u00e0 Chypre (UNFICYP)<\/a><\/strong><\/li>\n<li><strong><a href=\"https:\/\/rch.ca\/wp-content\/uploads\/C05E_David_Edward_s_Story_20170319p.pdf\" target=\"_blank\" rel=\"noopener\">David Edwards\u2019 Story \u2013 1983 Canadian Forces Europe \u2013 Lahr, West Germany<\/a><\/strong><\/li>\n<li><strong><a href=\"https:\/\/rch.ca\/wp-content\/uploads\/C06E_Gordon_Weekes_Story_20170727p.pdf\" target=\"_blank\" rel=\"noopener\">Gordon Weekes\u2019 Story \u2013 1984 Canadian Forces Europe \u2013 Lahr, West Germany and 1986 Canadian Air-Sea Transportable Brigade, Norway<\/a><\/strong><\/li>\n<li><strong><a href=\"https:\/\/rch.ca\/wp-content\/uploads\/C07E_Michael_Craig_s_Story_20170922p.pdf\" target=\"_blank\" rel=\"noopener\">Michael Craig\u2019s Story \u2013 1996-1997 \u2013 Operation Stable, Haiti<\/a><\/strong><\/li>\n<li><strong><a href=\"https:\/\/rch.ca\/wp-content\/uploads\/C08F_l_histoire_de_Philippe_Chevalier_20171231.pdf\" target=\"_blank\" rel=\"noopener\">L\u2019histoire de Philippe Chevalier \u2013 1991 \u2013 4e Bataillon de services du Canada &#8211; Lahr, Allemagne de l&#8217;Ouest<\/a><\/strong><\/li>\n<\/ul>\n<ul>\n<li><strong><a href=\"https:\/\/rch.ca\/wp-content\/uploads\/C09E_Introdution_to_Cyprus_20170925.pdf\" target=\"_blank\" rel=\"noopener\">Summary of the Canadian Armed Forces\u2019 involvement in Cyprus in 1990-1991<\/a><\/strong><\/li>\n<\/ul>\n<ul>\n<li><strong><a href=\"https:\/\/rch.ca\/wp-content\/uploads\/C10F_Histoire_de_Pierre_Vadnais_20171022p.pdf\" target=\"_blank\" rel=\"noopener\">L\u2019histoire de Pierre Vadnais \u2013 1990-1991 &#8211; Escadron form\u00e9 de r\u00e9servistes, Force des Nations-Unies \u00e0 Chypre (UNFICYP)<\/a><\/strong><\/li>\n<li><strong><a href=\"https:\/\/rch.ca\/wp-content\/uploads\/C11E_Roberta_Sforza_s_Story_20171030p.pdf\" target=\"_blank\" rel=\"noopener\">Roberto Sforza\u2019s Story \u2013 1990-1991 \u2013 Militia Squadron with United Nations Peacekeeping Force in Cyprus (UNFICYP)<\/a><\/strong><\/li>\n<li><strong><a href=\"https:\/\/rch.ca\/wp-content\/uploads\/C12E_William_Menon_s_Story_20170530p.pdf\" target=\"_blank\" rel=\"noopener\">Bill Menon\u2019s Story \u2013 1990-1991 \u2013 Militia Squadron with United Nations Peacekeeping Force in Cyprus (UNFICYP)<\/a><\/strong><\/li>\n<li><strong><a href=\"https:\/\/rch.ca\/wp-content\/uploads\/C13F_Histoire_de_Mario_Chevalier_20171110p.pdf\" target=\"_blank\" rel=\"noopener\">L\u2019histoire de Mario Chevalier \u2013 1990-1991 &#8211; Escadron form\u00e9 de r\u00e9servistes, Force des Nations-Unies \u00e0 Chypre (UNFICYP)<\/a><\/strong><\/li>\n<li><strong><a href=\"https:\/\/rch.ca\/wp-content\/uploads\/C14F_Hommage_aux_camarades_tombees_20171119p.pdf\" target=\"_blank\" rel=\"noopener\">Tribute to Fallen Comrades<\/a><\/strong><\/li>\n<\/ul>\n<p>(*) <a href=\"https:\/\/rch.ca\/wp-content\/uploads\/C99E_Hussars_on_NATO-UN_Missions_1976-96_20210531.pdf\" target=\"_blank\" rel=\"noopener\">Complete Document<\/a><\/p>\n","protected":false},"excerpt":{"rendered":"<p>History documentation project &#8211; Individual and group experiences of RCH members Overseas deployments during the period from 1976 to 1996 \u00a0 Table of contents &nbsp; Foreword Overview of Canada\u2019s involvement in different NATO and UN Missions (excluding Cyprus and Bosnia) Richard Quintal\u2019s Story \u2013 1976 \u2013 Reconnaissance Troop, West Germany Alan Stewart\u2019s Story \u2013 1977-1978 [&hellip;]<\/p>\n","protected":false},"author":1001003,"featured_media":0,"parent":356,"menu_order":0,"comment_status":"closed","ping_status":"closed","template":"","meta":{"_acf_changed":false,"footnotes":""},"class_list":["post-6004","page","type-page","status-publish","hentry"],"acf":[],"_links":{"self":[{"href":"https:\/\/rch.ca\/en\/wp-json\/wp\/v2\/pages\/6004","targetHints":{"allow":["GET"]}}],"collection":[{"href":"https:\/\/rch.ca\/en\/wp-json\/wp\/v2\/pages"}],"about":[{"href":"https:\/\/rch.ca\/en\/wp-json\/wp\/v2\/types\/page"}],"author":[{"embeddable":true,"href":"https:\/\/rch.ca\/en\/wp-json\/wp\/v2\/users\/1001003"}],"replies":[{"embeddable":true,"href":"https:\/\/rch.ca\/en\/wp-json\/wp\/v2\/comments?post=6004"}],"version-history":[{"count":2,"href":"https:\/\/rch.ca\/en\/wp-json\/wp\/v2\/pages\/6004\/revisions"}],"predecessor-version":[{"id":11076,"href":"https:\/\/rch.ca\/en\/wp-json\/wp\/v2\/pages\/6004\/revisions\/11076"}],"up":[{"embeddable":true,"href":"https:\/\/rch.ca\/en\/wp-json\/wp\/v2\/pages\/356"}],"wp:attachment":[{"href":"https:\/\/rch.ca\/en\/wp-json\/wp\/v2\/media?parent=6004"}],"curies":[{"name":"wp","href":"https:\/\/api.w.org\/{rel}","templated":true}]}}