{"id":8527,"date":"2019-11-17T15:34:43","date_gmt":"2019-11-17T20:34:43","guid":{"rendered":"https:\/\/rch.ca\/?page_id=8527"},"modified":"2026-03-01T10:27:08","modified_gmt":"2026-03-01T15:27:08","slug":"life-members-old","status":"publish","type":"page","link":"https:\/\/rch.ca\/en\/life-members-old\/","title":{"rendered":"Life Members"},"content":{"rendered":"<table align=\"center\">\n<tbody>\n<tr>\n<th align=\"left\">Rank<\/th>\n<th align=\"left\">Lastname<\/th>\n<th align=\"left\">Firstname<\/th>\n<\/tr>\n<tr>\n<td align=\"left\">Maj<\/td>\n<td align=\"left\">Abourousse<\/td>\n<td align=\"left\">Michel<\/td>\n<\/tr>\n<tr>\n<td align=\"left\">SLt<\/td>\n<td align=\"left\">D&#8217;Alesio-Ziabrov<\/td>\n<td align=\"left\">Vladimir<\/td>\n<\/tr>\n<tr>\n<td align=\"left\">Cpl<\/td>\n<td align=\"left\">Ami<\/td>\n<td align=\"left\">Christopher B.<\/td>\n<\/tr>\n<tr>\n<td align=\"left\">Capt<\/td>\n<td align=\"left\">Ayoub<\/td>\n<td align=\"left\">Richard<\/td>\n<\/tr>\n<tr>\n<td align=\"left\">Cpl<\/td>\n<td align=\"left\">Babeux<\/td>\n<td align=\"left\">Fr\u00e9d\u00e9rick<\/td>\n<\/tr>\n<tr>\n<td align=\"left\">Cpl<\/td>\n<td align=\"left\">Baldwin<\/td>\n<td align=\"left\">Dominique<\/td>\n<\/tr>\n<tr>\n<td align=\"left\">Sgt<\/td>\n<td align=\"left\">Barrette<\/td>\n<td align=\"left\">Steven<\/td>\n<\/tr>\n<tr>\n<td align=\"left\">Lt<\/td>\n<td align=\"left\">Baum<\/td>\n<td align=\"left\">Douglas<\/td>\n<\/tr>\n<tr>\n<td align=\"left\">Capt<\/td>\n<td align=\"left\">Beaulieu<\/td>\n<td align=\"left\">Frank<\/td>\n<\/tr>\n<tr>\n<td align=\"left\">Cpl<\/td>\n<td align=\"left\">Belair<\/td>\n<td align=\"left\">Guy<\/td>\n<\/tr>\n<tr>\n<td align=\"left\">Ms.<\/td>\n<td align=\"left\">Benoit<\/td>\n<td align=\"left\">C\u00e9line<\/td>\n<\/tr>\n<tr>\n<td align=\"left\">WO<\/td>\n<td align=\"left\">Benoit<\/td>\n<td align=\"left\">\u00c9ric<\/td>\n<\/tr>\n<tr>\n<td align=\"left\">Cpl<\/td>\n<td align=\"left\">Bergeron &#8211; Paolucci<\/td>\n<td align=\"left\">Julie<\/td>\n<\/tr>\n<tr>\n<td align=\"left\">Maj<\/td>\n<td align=\"left\">B\u00e9riau<\/td>\n<td align=\"left\">Guy<\/td>\n<\/tr>\n<tr>\n<td align=\"left\">Adjum(R)<\/td>\n<td align=\"left\">Bernier<\/td>\n<td align=\"left\">Hugues-Alexandre<\/td>\n<\/tr>\n<tr>\n<td align=\"left\">Sgt<\/td>\n<td align=\"left\">B\u00e9rub\u00e9<\/td>\n<td align=\"left\">Mike<\/td>\n<\/tr>\n<tr>\n<td align=\"left\">Mr.<\/td>\n<td align=\"left\">Beuzelin<\/td>\n<td align=\"left\">Gilbert<\/td>\n<\/tr>\n<tr>\n<td align=\"left\">Sgt<\/td>\n<td align=\"left\">Biernat<\/td>\n<td align=\"left\">Mark<\/td>\n<\/tr>\n<tr>\n<td align=\"left\">Sgt<\/td>\n<td align=\"left\">Bilodeau<\/td>\n<td align=\"left\">Julien<\/td>\n<\/tr>\n<tr>\n<td align=\"left\">Cpl<\/td>\n<td align=\"left\">Brazeau<\/td>\n<td align=\"left\">Guy<\/td>\n<\/tr>\n<tr>\n<td align=\"left\">Capt<\/td>\n<td align=\"left\">Brioch\u00e9<\/td>\n<td align=\"left\">Jude<\/td>\n<\/tr>\n<tr>\n<td align=\"left\">Sgt<\/td>\n<td align=\"left\">Burkinshaw<\/td>\n<td align=\"left\">Christopher<\/td>\n<\/tr>\n<tr>\n<td align=\"left\">Cpl<\/td>\n<td align=\"left\">Butrym Marcotte<\/td>\n<td align=\"left\">Jonathan<\/td>\n<\/tr>\n<tr>\n<td align=\"left\">SLt<\/td>\n<td align=\"left\">Cabral da Silva<\/td>\n<td align=\"left\">Cristiano<\/td>\n<\/tr>\n<tr>\n<td align=\"left\">Mrs.<\/td>\n<td align=\"left\">Camaiani<\/td>\n<td align=\"left\">Gina<\/td>\n<\/tr>\n<tr>\n<td align=\"left\">Mr.<\/td>\n<td align=\"left\">Carroll<\/td>\n<td align=\"left\">Greg<\/td>\n<\/tr>\n<tr>\n<td align=\"left\">Capt<\/td>\n<td align=\"left\">Chamberland<\/td>\n<td align=\"left\">Louise<\/td>\n<\/tr>\n<tr>\n<td align=\"left\">Lt<\/td>\n<td align=\"left\">Chartier<\/td>\n<td align=\"left\">Guyllaume<\/td>\n<\/tr>\n<tr>\n<td align=\"left\">MCpl<\/td>\n<td align=\"left\">Ch\u00e2tillon<\/td>\n<td align=\"left\">Isabelle<\/td>\n<\/tr>\n<tr>\n<td align=\"left\">CWO<\/td>\n<td align=\"left\">Chevalier<\/td>\n<td align=\"left\">Philippe<\/td>\n<\/tr>\n<tr>\n<td align=\"left\">Maj<\/td>\n<td align=\"left\">Chevalier<\/td>\n<td align=\"left\">Mario J.A.M.<\/td>\n<\/tr>\n<tr>\n<td align=\"left\">Sgt<\/td>\n<td align=\"left\">Choe<\/td>\n<td align=\"left\">Peter<\/td>\n<\/tr>\n<tr>\n<td align=\"left\">HCol<\/td>\n<td align=\"left\">Ciarroni<\/td>\n<td align=\"left\">B.J.A.<\/td>\n<\/tr>\n<tr>\n<td align=\"left\">Mr.<\/td>\n<td align=\"left\">Clark<\/td>\n<td align=\"left\">Allan S.<\/td>\n<\/tr>\n<tr>\n<td align=\"left\">WO<\/td>\n<td align=\"left\">Cobby<\/td>\n<td align=\"left\">Brian<\/td>\n<\/tr>\n<tr>\n<td align=\"left\">Ms.<\/td>\n<td align=\"left\">Cochrane<\/td>\n<td align=\"left\">J.S.<\/td>\n<\/tr>\n<tr>\n<td align=\"left\">MWO<\/td>\n<td align=\"left\">Cyr<\/td>\n<td align=\"left\">Alexandre<\/td>\n<\/tr>\n<tr>\n<td align=\"left\">MCpl<\/td>\n<td align=\"left\">Daniel<\/td>\n<td align=\"left\">Christian<\/td>\n<\/tr>\n<tr>\n<td align=\"left\">Mrs.<\/td>\n<td align=\"left\">D&#8217;Appollonia<\/td>\n<td align=\"left\">Sandra<\/td>\n<\/tr>\n<tr>\n<td align=\"left\">LCol<\/td>\n<td align=\"left\">Day<\/td>\n<td align=\"left\">Malcolm<\/td>\n<\/tr>\n<tr>\n<td align=\"left\">Tpr<\/td>\n<td align=\"left\">Deneumoustier<\/td>\n<td align=\"left\">Modeste<\/td>\n<\/tr>\n<tr>\n<td align=\"left\">MWO<\/td>\n<td align=\"left\">DeWinters<\/td>\n<td align=\"left\">Hugette T.<\/td>\n<\/tr>\n<tr>\n<td align=\"left\">Mrs.<\/td>\n<td align=\"left\">Dey<\/td>\n<td align=\"left\">Dorothy<\/td>\n<\/tr>\n<tr>\n<td align=\"left\">Tpr<\/td>\n<td align=\"left\">Diebel<\/td>\n<td align=\"left\">Kenneth<\/td>\n<\/tr>\n<tr>\n<td align=\"left\">LCol<\/td>\n<td align=\"left\">Domville<\/td>\n<td align=\"left\">Guy de V.<\/td>\n<\/tr>\n<tr>\n<td align=\"left\">MCpl<\/td>\n<td align=\"left\">Dornan<\/td>\n<td align=\"left\">Allan<\/td>\n<\/tr>\n<tr>\n<td align=\"left\">LCol<\/td>\n<td align=\"left\">Dubreuil<\/td>\n<td align=\"left\">Steve<\/td>\n<\/tr>\n<tr>\n<td align=\"left\">MCpl<\/td>\n<td align=\"left\">Dunne<\/td>\n<td align=\"left\">Thomas<\/td>\n<\/tr>\n<tr>\n<td align=\"left\">Cpl<\/td>\n<td align=\"left\">Duplessis<\/td>\n<td align=\"left\">Robert<\/td>\n<\/tr>\n<tr>\n<td align=\"left\">CWO<\/td>\n<td align=\"left\">Edwards<\/td>\n<td align=\"left\">David D.<\/td>\n<\/tr>\n<tr>\n<td align=\"left\">SLt<\/td>\n<td align=\"left\">El Achkar<\/td>\n<td align=\"left\">Maher<\/td>\n<\/tr>\n<tr>\n<td align=\"left\">Sgt<\/td>\n<td align=\"left\">Elemond<\/td>\n<td align=\"left\">Maxime<\/td>\n<\/tr>\n<tr>\n<td align=\"left\">MCpl<\/td>\n<td align=\"left\">Ferland<\/td>\n<td align=\"left\">Patrice<\/td>\n<\/tr>\n<tr>\n<td align=\"left\">Mr.<\/td>\n<td align=\"left\">Ferlisi<\/td>\n<td align=\"left\">Laurence<\/td>\n<\/tr>\n<tr>\n<td align=\"left\">Sgt<\/td>\n<td align=\"left\">Fough<\/td>\n<td align=\"left\">Alford<\/td>\n<\/tr>\n<tr>\n<td align=\"left\">LCol<\/td>\n<td align=\"left\">Funk<\/td>\n<td align=\"left\">Shaun<\/td>\n<\/tr>\n<tr>\n<td align=\"left\">Sgt<\/td>\n<td align=\"left\">Gilbert<\/td>\n<td align=\"left\">Denis<\/td>\n<\/tr>\n<tr>\n<td align=\"left\">Capt<\/td>\n<td align=\"left\">Goodwin<\/td>\n<td align=\"left\">Robert<\/td>\n<\/tr>\n<tr>\n<td align=\"left\">Sgt<\/td>\n<td align=\"left\">Goulette<\/td>\n<td align=\"left\">S\u00e9bastien<\/td>\n<\/tr>\n<tr>\n<td align=\"left\">Cpl<\/td>\n<td align=\"left\">Grant<\/td>\n<td align=\"left\">Brandon<\/td>\n<\/tr>\n<tr>\n<td align=\"left\">CWO<\/td>\n<td align=\"left\">Greene<\/td>\n<td align=\"left\">Donald J.<\/td>\n<\/tr>\n<tr>\n<td align=\"left\">Ms.<\/td>\n<td align=\"left\">Gu\u00e9rin<\/td>\n<td align=\"left\">Vidhan Carroll<\/td>\n<\/tr>\n<tr>\n<td align=\"left\">MWO<\/td>\n<td align=\"left\">Hamel<\/td>\n<td align=\"left\">Jacques J.<\/td>\n<\/tr>\n<tr>\n<td align=\"left\">WO<\/td>\n<td align=\"left\">H\u00e9tu<\/td>\n<td align=\"left\">Mario<\/td>\n<\/tr>\n<tr>\n<td align=\"left\">Mr.<\/td>\n<td align=\"left\">H\u00e9tu<\/td>\n<td align=\"left\">Gilbert<\/td>\n<\/tr>\n<tr>\n<td align=\"left\">Mrs.<\/td>\n<td align=\"left\">H\u00e9tu<\/td>\n<td align=\"left\">Tony<\/td>\n<\/tr>\n<tr>\n<td align=\"left\">MCpl<\/td>\n<td align=\"left\">H\u00e9tu-Barr\u00e9<\/td>\n<td align=\"left\">David<\/td>\n<\/tr>\n<tr>\n<td align=\"left\">Mr.<\/td>\n<td align=\"left\">Highway<\/td>\n<td align=\"left\">Ian<\/td>\n<\/tr>\n<tr>\n<td align=\"left\">LCol<\/td>\n<td align=\"left\">Hlibchuk<\/td>\n<td align=\"left\">John<\/td>\n<\/tr>\n<tr>\n<td align=\"left\">Miss<\/td>\n<td align=\"left\">Hobbs<\/td>\n<td align=\"left\">Catherine<\/td>\n<\/tr>\n<tr>\n<td align=\"left\">Cpl<\/td>\n<td align=\"left\">Hudon<\/td>\n<td align=\"left\">Maxime<\/td>\n<\/tr>\n<tr>\n<td align=\"left\">Tpr<\/td>\n<td align=\"left\">Hurdle<\/td>\n<td align=\"left\">Eric<\/td>\n<\/tr>\n<tr>\n<td align=\"left\">Tpr<\/td>\n<td align=\"left\">Hutflusz<\/td>\n<td align=\"left\">Martin<\/td>\n<\/tr>\n<tr>\n<td align=\"left\">Cpl<\/td>\n<td align=\"left\">Ishmael<\/td>\n<td align=\"left\">Kareem<\/td>\n<\/tr>\n<tr>\n<td align=\"left\">Mr.<\/td>\n<td align=\"left\">Jacobs<\/td>\n<td align=\"left\">H. Terry<\/td>\n<\/tr>\n<tr>\n<td align=\"left\">HCol<\/td>\n<td align=\"left\">Jarry<\/td>\n<td align=\"left\">Marie Claude<\/td>\n<\/tr>\n<tr>\n<td align=\"left\">Cpl<\/td>\n<td align=\"left\">Johnstone<\/td>\n<td align=\"left\">Geoffrey<\/td>\n<\/tr>\n<tr>\n<td align=\"left\">Cpl<\/td>\n<td align=\"left\">Keimmell<\/td>\n<td align=\"left\">Ian<\/td>\n<\/tr>\n<tr>\n<td align=\"left\">Capt<\/td>\n<td align=\"left\">Kellett<\/td>\n<td align=\"left\">Anthony<\/td>\n<\/tr>\n<tr>\n<td align=\"left\">Mr.<\/td>\n<td align=\"left\">Kinnaird<\/td>\n<td align=\"left\">James<\/td>\n<\/tr>\n<tr>\n<td align=\"left\">Sgt<\/td>\n<td align=\"left\">Kirkwood<\/td>\n<td align=\"left\">Raymond<\/td>\n<\/tr>\n<tr>\n<td align=\"left\">Mr.<\/td>\n<td align=\"left\">Klein<\/td>\n<td align=\"left\">Randy<\/td>\n<\/tr>\n<tr>\n<td align=\"left\">LCol<\/td>\n<td align=\"left\">Kramell<\/td>\n<td align=\"left\">Karl<\/td>\n<\/tr>\n<tr>\n<td align=\"left\">Cpl<\/td>\n<td align=\"left\">Laforge<\/td>\n<td align=\"left\">Jean-Eudes<\/td>\n<\/tr>\n<tr>\n<td align=\"left\">Cpl<\/td>\n<td align=\"left\">Lai<\/td>\n<td align=\"left\">Frank<\/td>\n<\/tr>\n<tr>\n<td align=\"left\">MCpl<\/td>\n<td align=\"left\">Laing<\/td>\n<td align=\"left\">Scott<\/td>\n<\/tr>\n<tr>\n<td align=\"left\">Cpl<\/td>\n<td align=\"left\">Laing<\/td>\n<td align=\"left\">Thomas<\/td>\n<\/tr>\n<tr>\n<td align=\"left\">Cpl<\/td>\n<td align=\"left\">Lamarre<\/td>\n<td align=\"left\">Louis<\/td>\n<\/tr>\n<tr>\n<td align=\"left\">CWO<\/td>\n<td align=\"left\">Lancaster<\/td>\n<td align=\"left\">Glen<\/td>\n<\/tr>\n<tr>\n<td align=\"left\">Capt<\/td>\n<td align=\"left\">Laroche<\/td>\n<td align=\"left\">Colin<\/td>\n<\/tr>\n<tr>\n<td align=\"left\">WO<\/td>\n<td align=\"left\">Lavall\u00e9e<\/td>\n<td align=\"left\">Danny<\/td>\n<\/tr>\n<tr>\n<td align=\"left\">CWO<\/td>\n<td align=\"left\">Layne<\/td>\n<td align=\"left\">Clarence<\/td>\n<\/tr>\n<tr>\n<td align=\"left\">Capt<\/td>\n<td align=\"left\">Lescot<\/td>\n<td align=\"left\">Alexandre<\/td>\n<\/tr>\n<tr>\n<td align=\"left\">CWO<\/td>\n<td align=\"left\">Lessard<\/td>\n<td align=\"left\">Denis<\/td>\n<\/tr>\n<tr>\n<td align=\"left\">WO<\/td>\n<td align=\"left\">Levasseur<\/td>\n<td align=\"left\">Dominique<\/td>\n<\/tr>\n<tr>\n<td align=\"left\">WO<\/td>\n<td align=\"left\">Li<\/td>\n<td align=\"left\">Burnie<\/td>\n<\/tr>\n<tr>\n<td align=\"left\">LCol<\/td>\n<td align=\"left\">Linton<\/td>\n<td align=\"left\">Steven J.<\/td>\n<\/tr>\n<tr>\n<td align=\"left\">MCpl<\/td>\n<td align=\"left\">L.-Laurin<\/td>\n<td align=\"left\">Jonathan<\/td>\n<\/tr>\n<tr>\n<td align=\"left\">Lt<\/td>\n<td align=\"left\">Logan<\/td>\n<td align=\"left\">Bryony<\/td>\n<\/tr>\n<tr>\n<td align=\"left\">Cpl<\/td>\n<td align=\"left\">Lopera<\/td>\n<td align=\"left\">Luis Alejandro<\/td>\n<\/tr>\n<tr>\n<td align=\"left\">Mr.<\/td>\n<td align=\"left\">Mac Culloch<\/td>\n<td align=\"left\">Wayne<\/td>\n<\/tr>\n<tr>\n<td align=\"left\">Sgt<\/td>\n<td align=\"left\">Maheu<\/td>\n<td align=\"left\">\u00c9ric<\/td>\n<\/tr>\n<tr>\n<td align=\"left\">Cpl<\/td>\n<td align=\"left\">Maisonneuve<\/td>\n<td align=\"left\">Mark<\/td>\n<\/tr>\n<tr>\n<td align=\"left\">Cpl<\/td>\n<td align=\"left\">Marcotte<\/td>\n<td align=\"left\">Jean (Johnny)<\/td>\n<\/tr>\n<tr>\n<td align=\"left\">Sgt<\/td>\n<td align=\"left\">Martel<\/td>\n<td align=\"left\">Alex<\/td>\n<\/tr>\n<tr>\n<td align=\"left\">Mrs.<\/td>\n<td align=\"left\">Martin<\/td>\n<td align=\"left\">Anna Mai<\/td>\n<\/tr>\n<tr>\n<td align=\"left\">MCpl<\/td>\n<td align=\"left\">Martinez-Ortege<\/td>\n<td align=\"left\">Dolly<\/td>\n<\/tr>\n<tr>\n<td align=\"left\">Sgt<\/td>\n<td align=\"left\">Maxwell<\/td>\n<td align=\"left\">Peter<\/td>\n<\/tr>\n<tr>\n<td align=\"left\">LCol<\/td>\n<td align=\"left\">McWhaw<\/td>\n<td align=\"left\">Gordon<\/td>\n<\/tr>\n<tr>\n<td align=\"left\">WO<\/td>\n<td align=\"left\">Menon<\/td>\n<td align=\"left\">William<\/td>\n<\/tr>\n<tr>\n<td align=\"left\">SLt<\/td>\n<td align=\"left\">Mhanna-Sandoval<\/td>\n<td align=\"left\">Pablo<\/td>\n<\/tr>\n<tr>\n<td align=\"left\">Capt<\/td>\n<td align=\"left\">Michaud<\/td>\n<td align=\"left\">Charles<\/td>\n<\/tr>\n<tr>\n<td align=\"left\">Cpl<\/td>\n<td align=\"left\">Modafferi<\/td>\n<td align=\"left\">Matteo<\/td>\n<\/tr>\n<tr>\n<td align=\"left\">Cpl<\/td>\n<td align=\"left\">Montgomery<\/td>\n<td align=\"left\">Jim<\/td>\n<\/tr>\n<tr>\n<td align=\"left\">Mr.<\/td>\n<td align=\"left\">Montgomery<\/td>\n<td align=\"left\">Thomas R<\/td>\n<\/tr>\n<tr>\n<td align=\"left\">SLt<\/td>\n<td align=\"left\">Movila<\/td>\n<td align=\"left\">Liviu-Razvan<\/td>\n<\/tr>\n<tr>\n<td align=\"left\">Cpl<\/td>\n<td align=\"left\">Mowat<\/td>\n<td align=\"left\">Bethan<\/td>\n<\/tr>\n<tr>\n<td align=\"left\">Capt<\/td>\n<td align=\"left\">Noon-Ward<\/td>\n<td align=\"left\">Mark<\/td>\n<\/tr>\n<tr>\n<td align=\"left\">Mr.<\/td>\n<td align=\"left\">Nudelman<\/td>\n<td align=\"left\">Jerry<\/td>\n<\/tr>\n<tr>\n<td align=\"left\">Sgt<\/td>\n<td align=\"left\">Nunez<\/td>\n<td align=\"left\">Jorge<\/td>\n<\/tr>\n<tr>\n<td align=\"left\">CWO<\/td>\n<td align=\"left\">O&#8217;Donnell<\/td>\n<td align=\"left\">Charles<\/td>\n<\/tr>\n<tr>\n<td align=\"left\">CWO<\/td>\n<td align=\"left\">O&#8217;Halloran<\/td>\n<td align=\"left\">Donavan<\/td>\n<\/tr>\n<tr>\n<td align=\"left\">MCpl<\/td>\n<td align=\"left\">Paquette<\/td>\n<td align=\"left\">Zack<\/td>\n<\/tr>\n<tr>\n<td align=\"left\">MCpl<\/td>\n<td align=\"left\">Pelletier<\/td>\n<td align=\"left\">Donald<\/td>\n<\/tr>\n<tr>\n<td align=\"left\">Adjm<\/td>\n<td align=\"left\">Pepin<\/td>\n<td align=\"left\">Samuel<\/td>\n<\/tr>\n<tr>\n<td align=\"left\">Sgt<\/td>\n<td align=\"left\">Perron<\/td>\n<td align=\"left\">Marie-Lisa<\/td>\n<\/tr>\n<tr>\n<td align=\"left\">Maj<\/td>\n<td align=\"left\">Pilon<\/td>\n<td align=\"left\">Pierre-Jean<\/td>\n<\/tr>\n<tr>\n<td align=\"left\">Sgt<\/td>\n<td align=\"left\">Pilon-Bouchard<\/td>\n<td align=\"left\">Philippe<\/td>\n<\/tr>\n<tr>\n<td align=\"left\">Cpl<\/td>\n<td align=\"left\">Priestley<\/td>\n<td align=\"left\">Travis<\/td>\n<\/tr>\n<tr>\n<td align=\"left\">Madame<\/td>\n<td align=\"left\">Quillien<\/td>\n<td align=\"left\">Nelly<\/td>\n<\/tr>\n<tr>\n<td align=\"left\">Cpl<\/td>\n<td align=\"left\">Racette<\/td>\n<td align=\"left\">Benoit<\/td>\n<\/tr>\n<tr>\n<td align=\"left\">Capt<\/td>\n<td align=\"left\">Raju<\/td>\n<td align=\"left\">Ali<\/td>\n<\/tr>\n<tr>\n<td align=\"left\">Pte<\/td>\n<td align=\"left\">Raphael<\/td>\n<td align=\"left\">Carrybre<\/td>\n<\/tr>\n<tr>\n<td align=\"left\">MCpl<\/td>\n<td align=\"left\">Ribiere<\/td>\n<td align=\"left\">Eric<\/td>\n<\/tr>\n<tr>\n<td align=\"left\">Mrs.<\/td>\n<td align=\"left\">Riley<\/td>\n<td align=\"left\">Doreen<\/td>\n<\/tr>\n<tr>\n<td align=\"left\">MCpl<\/td>\n<td align=\"left\">Rioux<\/td>\n<td align=\"left\">Jacques<\/td>\n<\/tr>\n<tr>\n<td align=\"left\">Capt<\/td>\n<td align=\"left\">Roberts<\/td>\n<td align=\"left\">Eric<\/td>\n<\/tr>\n<tr>\n<td align=\"left\">Mr.<\/td>\n<td align=\"left\">Robinson<\/td>\n<td align=\"left\">Lloyd C.<\/td>\n<\/tr>\n<tr>\n<td align=\"left\">Tpr<\/td>\n<td align=\"left\">Rolland<\/td>\n<td align=\"left\">Daniel<\/td>\n<\/tr>\n<tr>\n<td align=\"left\">Mr.<\/td>\n<td align=\"left\">Routley<\/td>\n<td align=\"left\">Gordon<\/td>\n<\/tr>\n<tr>\n<td align=\"left\">Cpl<\/td>\n<td align=\"left\">Sarkissian<\/td>\n<td align=\"left\">Ivan<\/td>\n<\/tr>\n<tr>\n<td align=\"left\">CWO<\/td>\n<td align=\"left\">Savage<\/td>\n<td align=\"left\">Donald<\/td>\n<\/tr>\n<tr>\n<td align=\"left\">Cpl<\/td>\n<td align=\"left\">Segreti<\/td>\n<td align=\"left\">Johnny<\/td>\n<\/tr>\n<tr>\n<td align=\"left\">Cpl<\/td>\n<td align=\"left\">Sergerie<\/td>\n<td align=\"left\">Handy-Terry<\/td>\n<\/tr>\n<tr>\n<td align=\"left\">Sgt<\/td>\n<td align=\"left\">Sforza<\/td>\n<td align=\"left\">Roberto<\/td>\n<\/tr>\n<tr>\n<td align=\"left\">HCol<\/td>\n<td align=\"left\">Smith<\/td>\n<td align=\"left\">Larry<\/td>\n<\/tr>\n<tr>\n<td align=\"left\">Mr.<\/td>\n<td align=\"left\">Sokalski<\/td>\n<td align=\"left\">John<\/td>\n<\/tr>\n<tr>\n<td align=\"left\">Sgt<\/td>\n<td align=\"left\">Stasiuk<\/td>\n<td align=\"left\">David<\/td>\n<\/tr>\n<tr>\n<td align=\"left\">Mr.<\/td>\n<td align=\"left\">Stevens Jr.<\/td>\n<td align=\"left\">William D.<\/td>\n<\/tr>\n<tr>\n<td align=\"left\">MCpl<\/td>\n<td align=\"left\">Stewart<\/td>\n<td align=\"left\">Dan<\/td>\n<\/tr>\n<tr>\n<td align=\"left\">WO<\/td>\n<td align=\"left\">Stewart<\/td>\n<td align=\"left\">Allan<\/td>\n<\/tr>\n<tr>\n<td align=\"left\">Sgt<\/td>\n<td align=\"left\">Stone<\/td>\n<td align=\"left\">Terry<\/td>\n<\/tr>\n<tr>\n<td align=\"left\">Cpl<\/td>\n<td align=\"left\">St-Pierre-Walsh<\/td>\n<td align=\"left\">Anthony<\/td>\n<\/tr>\n<tr>\n<td align=\"left\">Tpr<\/td>\n<td align=\"left\">Tarasenko<\/td>\n<td align=\"left\">Leonid<\/td>\n<\/tr>\n<tr>\n<td align=\"left\">Mr.<\/td>\n<td align=\"left\">Tatlock J<\/td>\n<td align=\"left\">Jean-Paul<\/td>\n<\/tr>\n<tr>\n<td align=\"left\">Capt<\/td>\n<td align=\"left\">Thibault<\/td>\n<td align=\"left\">Robin<\/td>\n<\/tr>\n<tr>\n<td align=\"left\">MWO<\/td>\n<td align=\"left\">Thibault<\/td>\n<td align=\"left\">Donald<\/td>\n<\/tr>\n<tr>\n<td align=\"left\">Lt<\/td>\n<td align=\"left\">Tiemeni<\/td>\n<td align=\"left\">Pamela<\/td>\n<\/tr>\n<tr>\n<td align=\"left\">Cpl<\/td>\n<td align=\"left\">Tremblay<\/td>\n<td align=\"left\">Dominic<\/td>\n<\/tr>\n<tr>\n<td align=\"left\">Mr.<\/td>\n<td align=\"left\">Triplett<\/td>\n<td align=\"left\">Leslie<\/td>\n<\/tr>\n<tr>\n<td align=\"left\">Maj<\/td>\n<td align=\"left\">Turbide<\/td>\n<td align=\"left\">Philippe<\/td>\n<\/tr>\n<tr>\n<td align=\"left\">Col<\/td>\n<td align=\"left\">Turnell<\/td>\n<td align=\"left\">Roger W.<\/td>\n<\/tr>\n<tr>\n<td align=\"left\">WO<\/td>\n<td align=\"left\">Vadnais<\/td>\n<td align=\"left\">Pierre<\/td>\n<\/tr>\n<tr>\n<td align=\"left\">Mr.<\/td>\n<td align=\"left\">Vezina<\/td>\n<td align=\"left\">Michel<\/td>\n<\/tr>\n<tr>\n<td align=\"left\">Mr.<\/td>\n<td align=\"left\">Vittecoq<\/td>\n<td align=\"left\">Emile<\/td>\n<\/tr>\n<tr>\n<td align=\"left\">Cpl<\/td>\n<td align=\"left\">Wakil<\/td>\n<td align=\"left\">Joseph<\/td>\n<\/tr>\n<tr>\n<td align=\"left\">Cpl<\/td>\n<td align=\"left\">Waldteufel<\/td>\n<td align=\"left\">Nicolas<\/td>\n<\/tr>\n<tr>\n<td align=\"left\">MWO<\/td>\n<td align=\"left\">Weekes<\/td>\n<td align=\"left\">Gordon C.<\/td>\n<\/tr>\n<tr>\n<td align=\"left\">Cpl<\/td>\n<td align=\"left\">Wong<\/td>\n<td align=\"left\">Fred<\/td>\n<\/tr>\n<tr>\n<td align=\"left\">MCpl<\/td>\n<td align=\"left\">Yanakis<\/td>\n<td align=\"left\">Louis Philippe<\/td>\n<\/tr>\n<tr>\n<td align=\"left\">Mr.<\/td>\n<td align=\"left\">Yeager<\/td>\n<td align=\"left\">Jack H.B.<\/td>\n<\/tr>\n<tr>\n<td align=\"left\">Mrs.<\/td>\n<td align=\"left\">Yorgan<\/td>\n<td align=\"left\">Anka<\/td>\n<\/tr>\n<tr>\n<td align=\"left\">Cpl<\/td>\n<td align=\"left\">Zhang, S<\/td>\n<td align=\"left\">Shirley<\/td>\n<\/tr>\n<tr>\n<td align=\"left\">MCpl<\/td>\n<td align=\"left\">Zoni<\/td>\n<td align=\"left\">George<\/td>\n<\/tr>\n<tr>\n<td align=\"left\">Cpl<\/td>\n<td align=\"left\">Zuo Zi<\/td>\n<td align=\"left\">Long<\/td>\n<\/tr>\n<\/tbody>\n<\/table>\n","protected":false},"excerpt":{"rendered":"<p>Rank Lastname Firstname Maj Abourousse Michel SLt D&#8217;Alesio-Ziabrov Vladimir Cpl Ami Christopher B. Capt Ayoub Richard Cpl Babeux Fr\u00e9d\u00e9rick Cpl Baldwin Dominique Sgt Barrette Steven Lt Baum Douglas Capt Beaulieu Frank Cpl Belair Guy Ms. Benoit C\u00e9line WO Benoit \u00c9ric Cpl Bergeron &#8211; Paolucci Julie Maj B\u00e9riau Guy Adjum(R) Bernier Hugues-Alexandre Sgt B\u00e9rub\u00e9 Mike Mr. [&hellip;]<\/p>\n","protected":false},"author":1001003,"featured_media":0,"parent":0,"menu_order":0,"comment_status":"closed","ping_status":"closed","template":"","meta":{"_acf_changed":false,"footnotes":""},"class_list":["post-8527","page","type-page","status-publish","hentry"],"acf":[],"_links":{"self":[{"href":"https:\/\/rch.ca\/en\/wp-json\/wp\/v2\/pages\/8527","targetHints":{"allow":["GET"]}}],"collection":[{"href":"https:\/\/rch.ca\/en\/wp-json\/wp\/v2\/pages"}],"about":[{"href":"https:\/\/rch.ca\/en\/wp-json\/wp\/v2\/types\/page"}],"author":[{"embeddable":true,"href":"https:\/\/rch.ca\/en\/wp-json\/wp\/v2\/users\/1001003"}],"replies":[{"embeddable":true,"href":"https:\/\/rch.ca\/en\/wp-json\/wp\/v2\/comments?post=8527"}],"version-history":[{"count":2,"href":"https:\/\/rch.ca\/en\/wp-json\/wp\/v2\/pages\/8527\/revisions"}],"predecessor-version":[{"id":19874,"href":"https:\/\/rch.ca\/en\/wp-json\/wp\/v2\/pages\/8527\/revisions\/19874"}],"wp:attachment":[{"href":"https:\/\/rch.ca\/en\/wp-json\/wp\/v2\/media?parent=8527"}],"curies":[{"name":"wp","href":"https:\/\/api.w.org\/{rel}","templated":true}]}}